{"id":93,"date":"2019-07-14T12:26:15","date_gmt":"2019-07-14T12:26:15","guid":{"rendered":"http:\/\/spp.kfz-pichlmaier.de\/?page_id=93"},"modified":"2020-04-25T18:50:13","modified_gmt":"2020-04-25T18:50:13","slug":"wiys","status":"publish","type":"page","link":"https:\/\/www.spp-vital.de\/?page_id=93","title":{"rendered":"WIYS\u00ae"},"content":{"rendered":"\n<figure class=\"wp-block-image alignwide\"><img decoding=\"async\" loading=\"lazy\" width=\"1024\" height=\"374\" src=\"http:\/\/spp.kfz-pichlmaier.de\/wp-content\/uploads\/2019\/06\/logo_tuerkis-01-1-1024x374.png\" alt=\"\" class=\"wp-image-36\" srcset=\"https:\/\/www.spp-vital.de\/wp-content\/uploads\/2019\/06\/logo_tuerkis-01-1-1024x374.png 1024w, https:\/\/www.spp-vital.de\/wp-content\/uploads\/2019\/06\/logo_tuerkis-01-1-300x109.png 300w, https:\/\/www.spp-vital.de\/wp-content\/uploads\/2019\/06\/logo_tuerkis-01-1-768x280.png 768w\" sizes=\"(max-width: 1024px) 100vw, 1024px\" \/><\/figure>\n\n\n\n<hr class=\"wp-block-separator is-style-wide\"\/>\n\n\n\n<h2 class=\"has-text-color wp-block-heading\" style=\"color:#007c67\">WIYS<sup>\u00ae<\/sup><\/h2>\n\n\n\n<h4 class=\"has-text-color wp-block-heading\" style=\"color:#00947b\"><em>walking in your shoes<\/em><\/h4>\n\n\n\n<div style=\"height:20px\" aria-hidden=\"true\" class=\"wp-block-spacer\"><\/div>\n\n\n\n<p>WIYS<sup>\u00ae<\/sup> ist eine Selbsterfahrungsmethode die sehr effektiv ist, um Erkenntnisse und L\u00f6sungen f\u00fcr Anliegen und Probleme in den unterschiedlichsten Lebenssituationen sichtbar zu machen. <br>Es hilft dabei seine intuitiven F\u00e4higkeiten zu erweitern. Mehr und tieferes Verst\u00e4ndnis f\u00fcr sich selbst und andere Menschen zu bekommen.<\/p>\n\n\n\n<p>Der Name WIYS<sup>\u00ae<\/sup> ist abgeleitet von einem indianischen Sprichwort:&nbsp;<\/p>\n\n\n\n<h5 class=\"has-text-color has-text-align-center wp-block-heading\" style=\"color:#00ada4\"><em>\u201eDu kannst niemals einen anderen Menschen verstehen,<\/em><br><em>bevor du nicht eine Meile in seinen Mokassins gelaufen bist.\u201c<\/em><\/h5>\n\n\n\n<hr class=\"wp-block-separator is-style-wide\"\/>\n\n\n\n<div style=\"height:20px\" aria-hidden=\"true\" class=\"wp-block-spacer\"><\/div>\n\n\n\n<p>Christian Assel sagt: \u201eGehen heisst verstehen\u201c. Im Walken (gehen) erf\u00e4hrt man Emotionen, Ideen, K\u00f6rperempfindungen u.s.w. die sich im Zusammenhang mit seinem Thema zeigen.<\/p>\n\n\n\n<figure class=\"wp-block-image\"><img alt=\"\"\/><\/figure>\n","protected":false},"excerpt":{"rendered":"<p>WIYS\u00ae walking in your shoes WIYS\u00ae ist eine Selbsterfahrungsmethode die sehr effektiv ist, um Erkenntnisse und L\u00f6sungen f\u00fcr Anliegen und Probleme in den unterschiedlichsten Lebenssituationen sichtbar zu machen. Es hilft dabei seine intuitiven F\u00e4higkeiten zu erweitern. Mehr und tieferes Verst\u00e4ndnis f\u00fcr sich selbst und andere Menschen zu bekommen. Der Name WIYS\u00ae ist abgeleitet von einem [&hellip;]<\/p>\n","protected":false},"author":1,"featured_media":0,"parent":0,"menu_order":0,"comment_status":"closed","ping_status":"closed","template":"","meta":[],"_links":{"self":[{"href":"https:\/\/www.spp-vital.de\/index.php?rest_route=\/wp\/v2\/pages\/93"}],"collection":[{"href":"https:\/\/www.spp-vital.de\/index.php?rest_route=\/wp\/v2\/pages"}],"about":[{"href":"https:\/\/www.spp-vital.de\/index.php?rest_route=\/wp\/v2\/types\/page"}],"author":[{"embeddable":true,"href":"https:\/\/www.spp-vital.de\/index.php?rest_route=\/wp\/v2\/users\/1"}],"replies":[{"embeddable":true,"href":"https:\/\/www.spp-vital.de\/index.php?rest_route=%2Fwp%2Fv2%2Fcomments&post=93"}],"version-history":[{"count":28,"href":"https:\/\/www.spp-vital.de\/index.php?rest_route=\/wp\/v2\/pages\/93\/revisions"}],"predecessor-version":[{"id":462,"href":"https:\/\/www.spp-vital.de\/index.php?rest_route=\/wp\/v2\/pages\/93\/revisions\/462"}],"wp:attachment":[{"href":"https:\/\/www.spp-vital.de\/index.php?rest_route=%2Fwp%2Fv2%2Fmedia&parent=93"}],"curies":[{"name":"wp","href":"https:\/\/api.w.org\/{rel}","templated":true}]}}