{"id":92,"date":"2019-07-14T12:26:15","date_gmt":"2019-07-14T12:26:15","guid":{"rendered":"http:\/\/spp.kfz-pichlmaier.de\/?page_id=92"},"modified":"2020-04-25T19:33:09","modified_gmt":"2020-04-25T19:33:09","slug":"familienaufstellung","status":"publish","type":"page","link":"https:\/\/www.spp-vital.de\/?page_id=92","title":{"rendered":"Systemische Beratung"},"content":{"rendered":"\n<figure class=\"wp-block-image alignwide\"><img decoding=\"async\" loading=\"lazy\" width=\"1024\" height=\"374\" src=\"http:\/\/spp.kfz-pichlmaier.de\/wp-content\/uploads\/2019\/07\/logo_Familienaufstellung-01-1024x374.png\" alt=\"\" class=\"wp-image-105\" srcset=\"https:\/\/www.spp-vital.de\/wp-content\/uploads\/2019\/07\/logo_Familienaufstellung-01-1024x374.png 1024w, https:\/\/www.spp-vital.de\/wp-content\/uploads\/2019\/07\/logo_Familienaufstellung-01-300x109.png 300w, https:\/\/www.spp-vital.de\/wp-content\/uploads\/2019\/07\/logo_Familienaufstellung-01-768x280.png 768w\" sizes=\"(max-width: 1024px) 100vw, 1024px\" \/><\/figure>\n\n\n\n<hr class=\"wp-block-separator is-style-wide\"\/>\n\n\n\n<h2 class=\"has-text-color wp-block-heading\" style=\"color:#007c67\">Systemische Beratung<\/h2>\n\n\n\n<h4 class=\"has-text-color wp-block-heading\" style=\"color:#00947b\"><em>Familienaufstellung in Einzelsitzung mit Hilfe von Figuren<\/em><\/h4>\n\n\n\n<div style=\"height:40px\" aria-hidden=\"true\" class=\"wp-block-spacer\"><\/div>\n\n\n\n<p>Alles ist in <em>\u201eSysteme\u201c<\/em> eingebunden, <em>alles ist mit allem verbunden<\/em>. Und wie das so im Leben ist, f\u00fchlt man sich in manchen \u201eSystemen\u201c nicht wohl. <br>Doch woran kann das liegen und was kann man tun um eine gute L\u00f6sung zu finden.<br>Eine systemische Beratung kann helfen, durch das Aufstellen mit Zuhilfenahme von Figuren, das \u201eSystem\u201c sichtbar zu machen. Man sieht dann, wie von Au\u00dfen oder wie aus der Vogelperspektive, die Dynamik in den aufgestellten Figuren. Es wird die Blickrichtung bzw. die Sichtweise anders wahrgenommen und so kann man hier schon den L\u00f6sungsweg einleiten.<\/p>\n\n\n\n<h5 class=\"has-text-color has-text-align-center wp-block-heading\" style=\"color:#00ada4\"><em>Durch das Aufstellen von Figuren sehen Sie von \u201eau\u00dfen\u201c auf Ihr Familiensystem.<\/em><\/h5>\n\n\n\n<p>Diese Methode ist auch eine M\u00f6glichkeit zur Selbsterfahrung und Pers\u00f6nlichkeitsentwicklung. Die Wahrnehmung, das Einf\u00fchlungsverm\u00f6gen und die Absicht etwas ins Gute ver\u00e4ndern zu wollen haben eine positive Energie. <br>Der Anliegensatz (was will ich zum Guten wenden) sollte klar formuliert sein. In einem Vorgespr\u00e4ch auf die Aufstellung hin, helfe ich Ihnen gerne, Ihre Ans\u00e4tze und Hindernisse zu benennen.<\/p>\n","protected":false},"excerpt":{"rendered":"<p>Systemische Beratung Familienaufstellung in Einzelsitzung mit Hilfe von Figuren Alles ist in \u201eSysteme\u201c eingebunden, alles ist mit allem verbunden. Und wie das so im Leben ist, f\u00fchlt man sich in manchen \u201eSystemen\u201c nicht wohl. Doch woran kann das liegen und was kann man tun um eine gute L\u00f6sung zu finden.Eine systemische Beratung kann helfen, durch [&hellip;]<\/p>\n","protected":false},"author":1,"featured_media":0,"parent":0,"menu_order":0,"comment_status":"closed","ping_status":"closed","template":"","meta":[],"_links":{"self":[{"href":"https:\/\/www.spp-vital.de\/index.php?rest_route=\/wp\/v2\/pages\/92"}],"collection":[{"href":"https:\/\/www.spp-vital.de\/index.php?rest_route=\/wp\/v2\/pages"}],"about":[{"href":"https:\/\/www.spp-vital.de\/index.php?rest_route=\/wp\/v2\/types\/page"}],"author":[{"embeddable":true,"href":"https:\/\/www.spp-vital.de\/index.php?rest_route=\/wp\/v2\/users\/1"}],"replies":[{"embeddable":true,"href":"https:\/\/www.spp-vital.de\/index.php?rest_route=%2Fwp%2Fv2%2Fcomments&post=92"}],"version-history":[{"count":26,"href":"https:\/\/www.spp-vital.de\/index.php?rest_route=\/wp\/v2\/pages\/92\/revisions"}],"predecessor-version":[{"id":467,"href":"https:\/\/www.spp-vital.de\/index.php?rest_route=\/wp\/v2\/pages\/92\/revisions\/467"}],"wp:attachment":[{"href":"https:\/\/www.spp-vital.de\/index.php?rest_route=%2Fwp%2Fv2%2Fmedia&parent=92"}],"curies":[{"name":"wp","href":"https:\/\/api.w.org\/{rel}","templated":true}]}}