{"id":38,"date":"2019-06-23T19:00:29","date_gmt":"2019-06-23T19:00:29","guid":{"rendered":"http:\/\/spp.kfz-pichlmaier.de\/?page_id=38"},"modified":"2020-05-11T13:17:50","modified_gmt":"2020-05-11T13:17:50","slug":"klangmassage","status":"publish","type":"page","link":"https:\/\/www.spp-vital.de\/?page_id=38","title":{"rendered":"Klangwellenmassage"},"content":{"rendered":"\n<figure class=\"wp-block-image alignwide\"><img decoding=\"async\" loading=\"lazy\" width=\"1024\" height=\"374\" src=\"http:\/\/spp.kfz-pichlmaier.de\/wp-content\/uploads\/2019\/07\/logo_Klangmassage-01-1024x374.png\" alt=\"\" class=\"wp-image-106\" srcset=\"https:\/\/www.spp-vital.de\/wp-content\/uploads\/2019\/07\/logo_Klangmassage-01-1024x374.png 1024w, https:\/\/www.spp-vital.de\/wp-content\/uploads\/2019\/07\/logo_Klangmassage-01-300x109.png 300w, https:\/\/www.spp-vital.de\/wp-content\/uploads\/2019\/07\/logo_Klangmassage-01-768x280.png 768w\" sizes=\"(max-width: 1024px) 100vw, 1024px\" \/><\/figure>\n\n\n\n<hr class=\"wp-block-separator is-style-wide\"\/>\n\n\n\n<h2 class=\"has-text-color wp-block-heading\" style=\"color:#8b348b\">Klangwellenmassage <\/h2>\n\n\n\n<h4 class=\"has-text-color wp-block-heading\" style=\"color:#a7358b\"><em>mit dem K\u00f6rpermonochord<\/em><\/h4>\n\n\n\n<div style=\"height:20px\" aria-hidden=\"true\" class=\"wp-block-spacer\"><\/div>\n\n\n\n<p>Das K\u00f6rpermonochord ist ein Saiteninstrument und wird auch <em>\u201eHimmel und Erde\u201c<\/em> genannt.<\/p>\n\n\n\n<div class=\"wp-block-image\"><figure class=\"aligncenter is-resized\"><img decoding=\"async\" loading=\"lazy\" src=\"http:\/\/spp.kfz-pichlmaier.de\/wp-content\/uploads\/2019\/06\/Monochord-e1561317926159-1024x325.png\" alt=\"\" class=\"wp-image-60\" width=\"307\" height=\"97\" srcset=\"https:\/\/www.spp-vital.de\/wp-content\/uploads\/2019\/06\/Monochord-e1561317926159-1024x325.png 1024w, https:\/\/www.spp-vital.de\/wp-content\/uploads\/2019\/06\/Monochord-e1561317926159-300x95.png 300w, https:\/\/www.spp-vital.de\/wp-content\/uploads\/2019\/06\/Monochord-e1561317926159-768x244.png 768w\" sizes=\"(max-width: 307px) 100vw, 307px\" \/><\/figure><\/div>\n\n\n\n<p>Durch das Spielen der vielen gleichgestimmten Saiten entsteht ein Klangteppich mit hohen und tiefen T\u00f6nen, der es vermag K\u00f6rper, Geist und Seele <em>\u201eeinzuschwingen\u201c<\/em> in eine tiefe Entspannung. Ihre angespannten Muskeln k\u00f6nnen locker lassen. Eventuell kreisende Gedanken k\u00f6nnen zur Ruhe kommen. Sie k\u00f6nnen sozusagen &#8222;ganz bei sich ankommen&#8220;, den stressigen Alltag ausblenden. Dieser entspannte. wohltuende Zustand kann auch zur St\u00e4rkung Ihres Immunsystem beitragen u.v.m.<\/p>\n\n\n\n<h5 class=\"has-text-color has-text-align-center wp-block-heading\" style=\"color:#c35daa\"><em>Eine Klangmassage bringt Sie ins innere Gleichgewicht<\/em>.<\/h5>\n\n\n\n<p>In den Einzelanwendungen wird das K\u00f6rpermonochord auf den bekleideten K\u00f6rper aufgelegt um die Klangfrequenzen nicht nur \u00fcber das Geh\u00f6r sondern auch direkt am und im K\u00f6rper zu erleben.\u00a0<\/p>\n\n\n\n<p><br>In den Gruppenterminen haben Sie die Gelegenheit mit Gleichgesinnten Entspannung, Meditation, Visualisierung und Wellnessfeeling in einer kleinen Gruppe mit max. 8 Personen zu erleben. In diesen 90 Minuten des Klangabends ist nichts wichtiger wie Sie selbst. &#8222;Sie <em>sind nur f\u00fcr sich selbst da\u201c<\/em>!\u00a0 \u00a0<\/p>\n\n\n\n<hr class=\"wp-block-separator is-style-wide\"\/>\n\n\n\n<p> <\/p>\n\n\n\n<hr class=\"wp-block-separator is-style-wide\"\/>\n\n\n\n<p class=\"has-normal-font-size\">Eine Klangwellenanwendung eignet sich auch sehr gut als Geschenk, z.B. zum Geburtstag, als Mitbringsel zur Einladung, als Dankesch\u00f6n f\u00fcr einen lieben Mitmenschen oder einfach um jemandem eine Freude zu bereiten.<\/p>\n\n\n\n<div class=\"wp-block-image is-style-circle-mask\"><figure class=\"aligncenter size-large is-resized\"><img decoding=\"async\" loading=\"lazy\" src=\"https:\/\/www.spp-vital.de\/wp-content\/uploads\/2020\/04\/spp__Gutschein_Flyer.jpg\" alt=\"\" class=\"wp-image-458\" width=\"314\" height=\"273\" srcset=\"https:\/\/www.spp-vital.de\/wp-content\/uploads\/2020\/04\/spp__Gutschein_Flyer.jpg 556w, https:\/\/www.spp-vital.de\/wp-content\/uploads\/2020\/04\/spp__Gutschein_Flyer-300x261.jpg 300w\" sizes=\"(max-width: 314px) 100vw, 314px\" \/><\/figure><\/div>\n\n\n\n<p><em>Gutscheine sind erh\u00e4ltlich f\u00fcr:<\/em><br>&#8211; <strong>Einzeltermine <\/strong>60 Minuten (nach Vereinbarung)<br>  oder zur Teilnahme an <br>&#8211; <strong>Gruppenterminen <\/strong>90 Minuten (Termine siehe Veranstaltungen)<\/p>\n","protected":false},"excerpt":{"rendered":"<p>Klangwellenmassage mit dem K\u00f6rpermonochord Das K\u00f6rpermonochord ist ein Saiteninstrument und wird auch \u201eHimmel und Erde\u201c genannt. Durch das Spielen der vielen gleichgestimmten Saiten entsteht ein Klangteppich mit hohen und tiefen T\u00f6nen, der es vermag K\u00f6rper, Geist und Seele \u201eeinzuschwingen\u201c in eine tiefe Entspannung. Ihre angespannten Muskeln k\u00f6nnen locker lassen. Eventuell kreisende Gedanken k\u00f6nnen zur Ruhe [&hellip;]<\/p>\n","protected":false},"author":1,"featured_media":0,"parent":0,"menu_order":0,"comment_status":"closed","ping_status":"closed","template":"","meta":[],"_links":{"self":[{"href":"https:\/\/www.spp-vital.de\/index.php?rest_route=\/wp\/v2\/pages\/38"}],"collection":[{"href":"https:\/\/www.spp-vital.de\/index.php?rest_route=\/wp\/v2\/pages"}],"about":[{"href":"https:\/\/www.spp-vital.de\/index.php?rest_route=\/wp\/v2\/types\/page"}],"author":[{"embeddable":true,"href":"https:\/\/www.spp-vital.de\/index.php?rest_route=\/wp\/v2\/users\/1"}],"replies":[{"embeddable":true,"href":"https:\/\/www.spp-vital.de\/index.php?rest_route=%2Fwp%2Fv2%2Fcomments&post=38"}],"version-history":[{"count":58,"href":"https:\/\/www.spp-vital.de\/index.php?rest_route=\/wp\/v2\/pages\/38\/revisions"}],"predecessor-version":[{"id":474,"href":"https:\/\/www.spp-vital.de\/index.php?rest_route=\/wp\/v2\/pages\/38\/revisions\/474"}],"wp:attachment":[{"href":"https:\/\/www.spp-vital.de\/index.php?rest_route=%2Fwp%2Fv2%2Fmedia&parent=38"}],"curies":[{"name":"wp","href":"https:\/\/api.w.org\/{rel}","templated":true}]}}