{"id":164,"date":"2019-07-14T16:40:00","date_gmt":"2019-07-14T16:40:00","guid":{"rendered":"http:\/\/spp.kfz-pichlmaier.de\/?page_id=164"},"modified":"2020-04-24T20:56:39","modified_gmt":"2020-04-24T20:56:39","slug":"ueber-mich","status":"publish","type":"page","link":"https:\/\/www.spp-vital.de\/?page_id=164","title":{"rendered":"\u00dcber mich"},"content":{"rendered":"\n<div class=\"wp-block-image\"><figure class=\"aligncenter\"><img decoding=\"async\" loading=\"lazy\" width=\"1024\" height=\"374\" src=\"http:\/\/spp.kfz-pichlmaier.de\/wp-content\/uploads\/2019\/07\/logo_Silvia-01-1024x374.png\" alt=\"\" class=\"wp-image-348\" srcset=\"https:\/\/www.spp-vital.de\/wp-content\/uploads\/2019\/07\/logo_Silvia-01-1024x374.png 1024w, https:\/\/www.spp-vital.de\/wp-content\/uploads\/2019\/07\/logo_Silvia-01-300x109.png 300w, https:\/\/www.spp-vital.de\/wp-content\/uploads\/2019\/07\/logo_Silvia-01-768x280.png 768w\" sizes=\"(max-width: 1024px) 100vw, 1024px\" \/><\/figure><\/div>\n\n\n\n<hr class=\"wp-block-separator is-style-wide\"\/>\n\n\n\n<h4 class=\"has-text-color wp-block-heading\" style=\"color:#007c67\">\u00dcber mich<\/h4>\n\n\n\n<h2 class=\"has-text-color wp-block-heading\" style=\"color:#00947b\"><em>Silvia Paulina Pichlmaier<\/em><\/h2>\n\n\n\n<div class=\"wp-block-media-text alignwide\" style=\"grid-template-columns:43% auto\"><figure class=\"wp-block-media-text__media\"><img decoding=\"async\" loading=\"lazy\" width=\"1024\" height=\"731\" src=\"http:\/\/spp.kfz-pichlmaier.de\/wp-content\/uploads\/2019\/07\/IMG_2707-1024x731.jpg\" alt=\"\" class=\"wp-image-210\" srcset=\"https:\/\/www.spp-vital.de\/wp-content\/uploads\/2019\/07\/IMG_2707-1024x731.jpg 1024w, https:\/\/www.spp-vital.de\/wp-content\/uploads\/2019\/07\/IMG_2707-300x214.jpg 300w, https:\/\/www.spp-vital.de\/wp-content\/uploads\/2019\/07\/IMG_2707-768x548.jpg 768w\" sizes=\"(max-width: 1024px) 100vw, 1024px\" \/><\/figure><div class=\"wp-block-media-text__content\">\n<ul><li><strong>Vital-Therapeutin<sup>\u00ae<\/sup><\/strong><\/li><li><strong>Systemische Beratung <\/strong><em>&#8211; Ausbildung bei Hedi Leitner-Dieh<\/em>l<\/li><li><strong>Klangwellenmassage <\/strong><em>&#8211; Ausbildung Anwendungen mit dem K\u00f6rpermonochord<\/em><\/li><li><strong>WIYS<sup>\u00ae<\/sup>&#8211; walking in your shoes<\/strong><em> &#8211; Ausbildung bei Brigitte Rohrer<\/em><\/li><\/ul>\n<\/div><\/div>\n\n\n\n<div style=\"height:20px\" aria-hidden=\"true\" class=\"wp-block-spacer\"><\/div>\n\n\n\n<hr class=\"wp-block-separator is-style-wide\"\/>\n\n\n\n<h4 class=\"has-text-color wp-block-heading\" style=\"color:#007c67\"><strong>Wie kam ich zu meinen Methoden<\/strong><\/h4>\n\n\n\n<div style=\"height:20px\" aria-hidden=\"true\" class=\"wp-block-spacer\"><\/div>\n\n\n\n<p>In eigener Angelegenheit suchte ich nach einer L\u00f6sung und bin dabei auf die M\u00f6glichkeit der Aufstellungsarbeit gesto\u00dfen. Diese Methode faszinierte mich und hat mir den Weg zur L\u00f6sung meines Anliegens aufgezeigt. F\u00fcr mich war sehr interessant zu sehen, dass die \u201eUrsache\u201c ganz wo anders lag als ich sie f\u00fcr mein Anliegen vermutet hatte.<\/p>\n\n\n\n<h5 class=\"has-text-color wp-block-heading\" style=\"color:#00ada4\">Meine Sichtweise wurde eine andere!<\/h5>\n\n\n\n<p>Schon lange ist es mir wichtig f\u00fcr Menschen da zu sein, ein offenes Ohr und Zeit f\u00fcr ihre Anliegen zu haben. Ein vertrauensvoller Raum und Verschwiegenheit stehen f\u00fcr mich an erster Stelle.<br>Im Laufe der Zeit fand ich verschiedene Anwendungsmethoden die sehr gut zusammen passen und f\u00fcr meine Klienten hilfreich sind, die Stressbew\u00e4ltigung, die Entspannung und ihre Sichtweise auf die allt\u00e4glichen Situationen im Leben anzupacken.\u00a0<\/p>\n\n\n\n<p><em>&#8211; Gerne bin ich f\u00fcr Sie da &#8211;<\/em><\/p>\n","protected":false},"excerpt":{"rendered":"<p>\u00dcber mich Silvia Paulina Pichlmaier Vital-Therapeutin\u00ae Systemische Beratung &#8211; Ausbildung bei Hedi Leitner-Diehl Klangwellenmassage &#8211; Ausbildung Anwendungen mit dem K\u00f6rpermonochord WIYS\u00ae&#8211; walking in your shoes &#8211; Ausbildung bei Brigitte Rohrer Wie kam ich zu meinen Methoden In eigener Angelegenheit suchte ich nach einer L\u00f6sung und bin dabei auf die M\u00f6glichkeit der Aufstellungsarbeit gesto\u00dfen. Diese Methode [&hellip;]<\/p>\n","protected":false},"author":1,"featured_media":0,"parent":0,"menu_order":0,"comment_status":"closed","ping_status":"closed","template":"","meta":[],"_links":{"self":[{"href":"https:\/\/www.spp-vital.de\/index.php?rest_route=\/wp\/v2\/pages\/164"}],"collection":[{"href":"https:\/\/www.spp-vital.de\/index.php?rest_route=\/wp\/v2\/pages"}],"about":[{"href":"https:\/\/www.spp-vital.de\/index.php?rest_route=\/wp\/v2\/types\/page"}],"author":[{"embeddable":true,"href":"https:\/\/www.spp-vital.de\/index.php?rest_route=\/wp\/v2\/users\/1"}],"replies":[{"embeddable":true,"href":"https:\/\/www.spp-vital.de\/index.php?rest_route=%2Fwp%2Fv2%2Fcomments&post=164"}],"version-history":[{"count":35,"href":"https:\/\/www.spp-vital.de\/index.php?rest_route=\/wp\/v2\/pages\/164\/revisions"}],"predecessor-version":[{"id":444,"href":"https:\/\/www.spp-vital.de\/index.php?rest_route=\/wp\/v2\/pages\/164\/revisions\/444"}],"wp:attachment":[{"href":"https:\/\/www.spp-vital.de\/index.php?rest_route=%2Fwp%2Fv2%2Fmedia&parent=164"}],"curies":[{"name":"wp","href":"https:\/\/api.w.org\/{rel}","templated":true}]}}